{"id":652,"date":"2022-06-22T12:22:49","date_gmt":"2022-06-22T10:22:49","guid":{"rendered":"http:\/\/alfandersen.flywheelsites.com\/home\/"},"modified":"2024-03-22T11:16:10","modified_gmt":"2024-03-22T10:16:10","slug":"home","status":"publish","type":"page","link":"https:\/\/alfandersen.no\/en\/","title":{"rendered":"Home"},"content":{"rendered":"\n<h2>\n\t\tLogistics beyond borders\n\t<\/h2>\n<h2>\n\t\tAlf Andersen AS has provided forwarding services domestic and abroad for over 150 years. Our services include sea-, air- and truck freight in Norway, as well as the rest of the world.\n\t<\/h2>\n\t\t\t<a href=\"#tjenester\" target=\"_self\" rel=\"noopener\">\n\t\t\t\t\t\t\tExplore\n\t\t\t\t\t<\/a>\n\t\t\t<a href=\"https:\/\/alfandersen.no\/kontakt-oss\/\" target=\"_self\" rel=\"noopener\">\n\t\t\t\t\t\t\tContact us\n\t\t\t\t\t<\/a>\n<h2>\n\t\tA well-established freight forwarding company\n\t<\/h2>\n\t<meta itemscope itemprop=\"mainEntityOfPage\" itemtype=\"https:\/\/schema.org\/WebPage\" itemid=\"https:\/\/alfandersen.no\/en\/services\/international-transport\/\" content=\"International transport\" \/><meta itemprop=\"datePublished\" content=\"2022-07-05\" \/><meta itemprop=\"dateModified\" content=\"2022-11-16\" \/><meta itemprop=\"name\" content=\"Alf Andersen AS\"\/><meta itemprop=\"url\" content=\"https:\/\/alfandersen.no\/en\/author\/mblobo\/\" \/><meta itemprop=\"name\" content=\"Lars-Otto Bjerkeng\" \/><meta itemprop=\"url\" content=\"https:\/\/alfandersen.no\/wp-content\/uploads\/2022\/05\/internasjonal-frakt.jpg\" \/><meta itemprop=\"width\" content=\"1920\" \/><meta itemprop=\"height\" content=\"1080\" \/><meta itemprop=\"interactionType\" content=\"https:\/\/schema.org\/CommentAction\" \/><meta itemprop=\"userInteractionCount\" content=\"0\" \/><a href=\"https:\/\/alfandersen.no\/en\/services\/international-transport\/\">\n\t<img width=\"1024\" height=\"576\" src=\"https:\/\/alfandersen.no\/wp-content\/uploads\/2022\/05\/internasjonal-frakt-1024x576.jpg\" alt=\"Alf Andersen AS hjelper deg med alt innen transport. Vi kan tilby: Flyfrakt, Sj\u00f8frakt og Biltransport.\" itemprop=\"image\" decoding=\"async\" loading=\"lazy\" srcset=\"https:\/\/alfandersen.no\/wp-content\/uploads\/2022\/05\/internasjonal-frakt-1024x576.jpg 1024w, https:\/\/alfandersen.no\/wp-content\/uploads\/2022\/05\/internasjonal-frakt-300x169.jpg 300w, https:\/\/alfandersen.no\/wp-content\/uploads\/2022\/05\/internasjonal-frakt-768x432.jpg 768w, https:\/\/alfandersen.no\/wp-content\/uploads\/2022\/05\/internasjonal-frakt-1536x864.jpg 1536w, https:\/\/alfandersen.no\/wp-content\/uploads\/2022\/05\/internasjonal-frakt.jpg 1920w\" sizes=\"auto, (max-width: 1024px) 100vw, 1024px\" \/>\n    <h3>International transport<\/h3>\n    \t<p>Alf Andersen AS helps you with all things related to transport, including air\/courier freight, sea freight and truck transport.<\/p>\n    \t<p>Les mer<\/p>\n<\/a>\n\t<meta itemscope itemprop=\"mainEntityOfPage\" itemtype=\"https:\/\/schema.org\/WebPage\" itemid=\"https:\/\/alfandersen.no\/en\/services\/air-freight\/\" content=\"Air freight\" \/><meta itemprop=\"datePublished\" content=\"2022-07-05\" \/><meta itemprop=\"dateModified\" content=\"2022-11-10\" \/><meta itemprop=\"name\" content=\"Alf Andersen AS\"\/><meta itemprop=\"url\" content=\"https:\/\/alfandersen.no\/en\/author\/mblobo\/\" \/><meta itemprop=\"name\" content=\"Lars-Otto Bjerkeng\" \/><meta itemprop=\"url\" content=\"https:\/\/alfandersen.no\/wp-content\/uploads\/2022\/05\/flyfrakt.jpg\" \/><meta itemprop=\"width\" content=\"1920\" \/><meta itemprop=\"height\" content=\"1080\" \/><meta itemprop=\"interactionType\" content=\"https:\/\/schema.org\/CommentAction\" \/><meta itemprop=\"userInteractionCount\" content=\"0\" \/><a href=\"https:\/\/alfandersen.no\/en\/services\/air-freight\/\">\n\t<img width=\"1024\" height=\"576\" src=\"https:\/\/alfandersen.no\/wp-content\/uploads\/2022\/05\/flyfrakt-1024x576.jpg\" alt=\"Vi har siden 2004 v\u00e6rt registrerte flyfraktspedit\u00f8rer. Vi har mange\u00e5rige og n\u00e6re samarbeid med flyselskaper og kan tilby en s\u00f8ml\u00f8s prosess.\" itemprop=\"image\" decoding=\"async\" loading=\"lazy\" srcset=\"https:\/\/alfandersen.no\/wp-content\/uploads\/2022\/05\/flyfrakt-1024x576.jpg 1024w, https:\/\/alfandersen.no\/wp-content\/uploads\/2022\/05\/flyfrakt-300x169.jpg 300w, https:\/\/alfandersen.no\/wp-content\/uploads\/2022\/05\/flyfrakt-768x432.jpg 768w, https:\/\/alfandersen.no\/wp-content\/uploads\/2022\/05\/flyfrakt-1536x864.jpg 1536w, https:\/\/alfandersen.no\/wp-content\/uploads\/2022\/05\/flyfrakt.jpg 1920w\" sizes=\"auto, (max-width: 1024px) 100vw, 1024px\" \/>\n    <h3>Air freight<\/h3>\n    \t<p>Alf Andersen AS has been a registered air freight forwarder since 2004, and is a registered IATA member. We have many years of experience cooperating with various airlines and we can present you with a seamless process for these types of shipments.<\/p>\n    \t<p>Les mer<\/p>\n<\/a>\n\t<meta itemscope itemprop=\"mainEntityOfPage\" itemtype=\"https:\/\/schema.org\/WebPage\" itemid=\"https:\/\/alfandersen.no\/en\/services\/sea-freight\/\" content=\"Sea freight\" \/><meta itemprop=\"datePublished\" content=\"2022-07-05\" \/><meta itemprop=\"dateModified\" content=\"2022-11-10\" \/><meta itemprop=\"name\" content=\"Alf Andersen AS\"\/><meta itemprop=\"url\" content=\"https:\/\/alfandersen.no\/en\/author\/mblobo\/\" \/><meta itemprop=\"name\" content=\"Lars-Otto Bjerkeng\" \/><meta itemprop=\"url\" content=\"https:\/\/alfandersen.no\/wp-content\/uploads\/2021\/10\/AdobeStock_347260304_Preview.jpeg\" \/><meta itemprop=\"width\" content=\"1000\" \/><meta itemprop=\"height\" content=\"563\" \/><meta itemprop=\"interactionType\" content=\"https:\/\/schema.org\/CommentAction\" \/><meta itemprop=\"userInteractionCount\" content=\"0\" \/><a href=\"https:\/\/alfandersen.no\/en\/services\/sea-freight\/\">\n\t<img width=\"1000\" height=\"563\" src=\"https:\/\/alfandersen.no\/wp-content\/uploads\/2021\/10\/AdobeStock_347260304_Preview.jpeg\" alt=\"Vi har erfarne ansatte med bred kunnskap om lokal og internasjonal eksport- og import befraktning. Vi avlaster din bedrift med sj\u00f8 og container frakt tjenester.\" itemprop=\"image\" decoding=\"async\" loading=\"lazy\" srcset=\"https:\/\/alfandersen.no\/wp-content\/uploads\/2021\/10\/AdobeStock_347260304_Preview.jpeg 1000w, https:\/\/alfandersen.no\/wp-content\/uploads\/2021\/10\/AdobeStock_347260304_Preview-300x169.jpeg 300w, https:\/\/alfandersen.no\/wp-content\/uploads\/2021\/10\/AdobeStock_347260304_Preview-768x432.jpeg 768w\" sizes=\"auto, (max-width: 1000px) 100vw, 1000px\" \/>\n    <h3>Sea freight<\/h3>\n    \t<p>The import and export of goods has become more and more important, as the world has become more and more globalized. After the pandemic outbreak in 2020, sea freight has become more demanding to follow up. The role of the freight forwarder has therefore become more important than before. Planning is essential.<\/p>\n    \t<p>Les mer<\/p>\n<\/a>\n\t<meta itemscope itemprop=\"mainEntityOfPage\" itemtype=\"https:\/\/schema.org\/WebPage\" itemid=\"https:\/\/alfandersen.no\/en\/services\/customs-clearance-and-customs-processing\/\" content=\"Customs clearance and Customs processing\" \/><meta itemprop=\"datePublished\" content=\"2022-07-05\" \/><meta itemprop=\"dateModified\" content=\"2022-11-07\" \/><meta itemprop=\"name\" content=\"Alf Andersen AS\"\/><meta itemprop=\"url\" content=\"https:\/\/alfandersen.no\/en\/author\/mblobo\/\" \/><meta itemprop=\"name\" content=\"Lars-Otto Bjerkeng\" \/><meta itemprop=\"url\" content=\"https:\/\/alfandersen.no\/wp-content\/uploads\/2021\/10\/AdobeStock_190817095_Preview.jpeg\" \/><meta itemprop=\"width\" content=\"1000\" \/><meta itemprop=\"height\" content=\"666\" \/><meta itemprop=\"interactionType\" content=\"https:\/\/schema.org\/CommentAction\" \/><meta itemprop=\"userInteractionCount\" content=\"0\" \/><a href=\"https:\/\/alfandersen.no\/en\/services\/customs-clearance-and-customs-processing\/\">\n\t<img width=\"1000\" height=\"666\" src=\"https:\/\/alfandersen.no\/wp-content\/uploads\/2021\/10\/AdobeStock_190817095_Preview.jpeg\" alt=\"La oss ta oss av fortollingen. Vi har tilgang til n\u00f8dvendig elektroniske verkt\u00f8y, som knytter oss opp til TVINN systemet til Tollvesenet. Vi utf\u00f8rer ...\" itemprop=\"image\" decoding=\"async\" loading=\"lazy\" srcset=\"https:\/\/alfandersen.no\/wp-content\/uploads\/2021\/10\/AdobeStock_190817095_Preview.jpeg 1000w, https:\/\/alfandersen.no\/wp-content\/uploads\/2021\/10\/AdobeStock_190817095_Preview-300x200.jpeg 300w, https:\/\/alfandersen.no\/wp-content\/uploads\/2021\/10\/AdobeStock_190817095_Preview-768x511.jpeg 768w\" sizes=\"auto, (max-width: 1000px) 100vw, 1000px\" \/>\n    <h3>Customs clearance and Customs processing<\/h3>\n    \t<p>There are many benefits to having our company handle all your customs clearances. We have access to necessary electronic tools, which connect us to the TVINN system of the Customs.<\/p>\n    \t<p>Les mer<\/p>\n<\/a>\n\t\t<!-- .pp-content-posts -->\n<h2>\n\t\tWe perform a number of other services as well ..\n\t<\/h2>\n\t<a href=\"\" target=\"_self\" role=\"button\" aria-label=\"More services\" rel=\"noopener\">\n\t\t\t\t\t\tMore services\n\t\t\t\t\t<\/a>\n\t\t\t\t\t\t\t\t\t<img loading=\"lazy\" decoding=\"async\" src=\"https:\/\/alfandersen.no\/wp-content\/uploads\/2021\/10\/om-oss.jpg\" alt=\"Alf Andersen AS er et familiedrevet spedisjonsfirma med r\u00f8tter tilbake til 1865. Fortsatt er firmaet i familiens eie etter snart 160 \u00e5r spedisjonsvirksomhet. Se v\u00e5re siste nyheter, artikler og utlysninger.\" itemprop=\"image\" height=\"1080\" width=\"1920\" srcset=\"https:\/\/alfandersen.no\/wp-content\/uploads\/2021\/10\/om-oss.jpg 1920w, https:\/\/alfandersen.no\/wp-content\/uploads\/2021\/10\/om-oss-300x169.jpg 300w, https:\/\/alfandersen.no\/wp-content\/uploads\/2021\/10\/om-oss-1024x576.jpg 1024w, https:\/\/alfandersen.no\/wp-content\/uploads\/2021\/10\/om-oss-768x432.jpg 768w, https:\/\/alfandersen.no\/wp-content\/uploads\/2021\/10\/om-oss-1536x864.jpg 1536w\" sizes=\"auto, (max-width: 1920px) 100vw, 1920px\" title=\"Se v\u00e5re siste nyheter, artikler og utlysninger.\" onerror=\"this.style.display='none'\"  \/>\n<h2>\n\t\tAbout us\n\t<\/h2>\n<h2>\n\t\tSpedit\u00f8r Alf Andersen AS\n\t<\/h2>\n\tAlf Andersen AS is a family-run forwarding company with roots dating back to 1865. The company is still owned by the family after almost 160 years of versatile forwarding activities. A small but efficient and flexible freight forwarder in a changing market. We cover a wide range of logistics-related<br \/>\nservices.\n\t<a href=\"\" target=\"_self\" role=\"button\" aria-label=\"Read more\" rel=\"noopener\">\n\t\t\t\t\t\tRead more\n\t\t\t\t\t<\/a>\n<h2>\n\t\tLatest news\n\t<\/h2>\n\t<meta itemscope itemprop=\"mainEntityOfPage\" itemtype=\"https:\/\/schema.org\/WebPage\" itemid=\"https:\/\/alfandersen.no\/en\/news\/we-are-celebrating-150-years\/\" content=\"We are celebrating 150 years!\" \/><meta itemprop=\"datePublished\" content=\"2022-07-05\" \/><meta itemprop=\"dateModified\" content=\"2022-07-05\" \/><meta itemprop=\"name\" content=\"Alf Andersen AS\"\/><meta itemprop=\"url\" content=\"https:\/\/alfandersen.no\/en\/author\/mblobo\/\" \/><meta itemprop=\"name\" content=\"Lars-Otto Bjerkeng\" \/><meta itemprop=\"url\" content=\"https:\/\/alfandersen.no\/wp-content\/uploads\/2021\/10\/om-oss.jpg\" \/><meta itemprop=\"width\" content=\"1920\" \/><meta itemprop=\"height\" content=\"1080\" \/><meta itemprop=\"interactionType\" content=\"https:\/\/schema.org\/CommentAction\" \/><meta itemprop=\"userInteractionCount\" content=\"0\" \/><a href=\"https:\/\/alfandersen.no\/en\/news\/we-are-celebrating-150-years\/\">\n\t<img width=\"1024\" height=\"576\" src=\"https:\/\/alfandersen.no\/wp-content\/uploads\/2021\/10\/om-oss-1024x576.jpg\" alt=\"Se v\u00e5re siste nyheter, artikler og utlysninger.\" itemprop=\"image\" decoding=\"async\" loading=\"lazy\" srcset=\"https:\/\/alfandersen.no\/wp-content\/uploads\/2021\/10\/om-oss-1024x576.jpg 1024w, https:\/\/alfandersen.no\/wp-content\/uploads\/2021\/10\/om-oss-300x169.jpg 300w, https:\/\/alfandersen.no\/wp-content\/uploads\/2021\/10\/om-oss-768x432.jpg 768w, https:\/\/alfandersen.no\/wp-content\/uploads\/2021\/10\/om-oss-1536x864.jpg 1536w, https:\/\/alfandersen.no\/wp-content\/uploads\/2021\/10\/om-oss.jpg 1920w\" sizes=\"auto, (max-width: 1024px) 100vw, 1024px\" \/>\n        <h3>We are celebrating 150 years!<\/h3>\n        <p>Publisert 05\/07\/2022<\/p>\n    \t<p>It is with great pleasure that we announce that our company is celebrating 150 years&#8230;<\/p>\n\n    \t<p>Se innlegget<\/p>\n<\/a>\n\t\t<!-- .pp-content-posts -->\n<h2>\n\t\tYou will find more news items in our archive.\n\t<\/h2>\n\t<a href=\"https:\/\/alfandersen.no\/news\/?lang=en\" target=\"_self\" role=\"button\" aria-label=\"All posts\" rel=\"noopener\">\n\t\t\t\t\t\tAll posts\n\t\t\t\t\t<\/a>\n<h2>\n\t\tWe are available, <br \/> contact us today\n\t<\/h2>\n\t\t<ul>\n\t\t\t\t\t<li>\n\t\t\t\t\t<a href=\"tel:+4722428600\" target=\"_self\" rel=\"noopener\">\n\t\t\t\t<h3>Phone<\/h3>\n\t\t<p>+47 22 42 86 00<\/p>\t\t\t\n\t<\/a>\n\t\t\t<\/li>\n\t\t\t\t\t<li>\n\t\t\t\t\t<a href=\"mailto:firmapost@alfandersen.no\" target=\"_self\" rel=\"noopener\">\n\t\t\t\t<h3>E-mail<\/h3>\n\t\t<p>firmapost@alfandersen.no<\/p>\t\t\t\n\t<\/a>\n\t\t\t<\/li>\n\t\t\t\t\t<li>\n\t\t\t\t\t<a href=\"https:\/\/goo.gl\/maps\/JKd3dkLzko12RqFe7\" target=\"_self\" rel=\"noopener nofollow\">\n\t\t\t\t<h3>Terminal and visiting address<\/h3>\n\t\t<p>Troll\u00e5sveien 8, 1414 Troll\u00e5sen<\/p>\t\t\t\n\t<\/a>\n\t\t\t<\/li>\n\t\t\t\t\t<li>\n\t\t\t\t<h3>Opening hours<\/h3>\n\t\t<p>\u00a0Monday to Friday from 08:00 &#8211; 16:00<\/p>\t\t\t\n\t\t\t<\/li>\n\t\t\t\t<\/ul>\n\t\t\t<h3>Contact us<\/h3>\n\t\t<p>If you leave a request, we will contact you as soon as we can. <br \/> <br \/><\/p>\n\t\t\t\t\t\t\t&quot;*&quot; indicates required fields\n                        <form method='post' enctype='multipart\/form-data' target='gform_ajax_frame_2' id='gform_2'  action='\/en\/?fl_builder#gf_2' data-formid='2' novalidate><input id=\"input_24fbba9dd644ac4e01c9810d682934e1\" type=\"hidden\" name=\"input_24fbba9dd644ac4e01c9810d682934e1\" value=\"\"\/>\n                        <fieldset id=\"field_2_1\"   data-js-reload=\"field_2_1\"><legend class='gfield_label gform-field-label gfield_label_before_complex'>Navn*<\/legend>\n                                                    <input type='text' name='input_1.3' id='input_2_1_3' value='' tabindex='102'  aria-required='true'   placeholder='Fornavn'  \/>\n                                                    <label for='input_2_1_3' class='gform-field-label gform-field-label--type-sub hidden_sub_label screen-reader-text'>First<\/label>\n                                                    <input type='text' name='input_1.6' id='input_2_1_6' value='' tabindex='104'  aria-required='true'   placeholder='Etternavn'  \/>\n                                                    <label for='input_2_1_6' class='gform-field-label gform-field-label--type-sub hidden_sub_label screen-reader-text'>Last<\/label>\n                        <\/fieldset><label class='gfield_label gform-field-label' for='input_2_2'>E-post*<\/label>\n                            <input name='input_2' id='input_2_2' type='email' value='' class='large' tabindex='106'  placeholder='Din e-postadresse' aria-required=\"true\" aria-invalid=\"false\"  \/>\n                        <label class='gfield_label gform-field-label' for='input_2_13'>Telefon<\/label><input name='input_13' id='input_2_13' type='tel' value='' class='large' tabindex='107' placeholder='Ditt telefonnummer'  aria-invalid=\"false\"   \/><label class='gfield_label gform-field-label' for='input_2_3'>Foresp\u00f8rsel*<\/label>Fortell oss hva vi kan hjelpe deg med, s\u00e5 svarer vi s\u00e5 fort vi kan!<textarea name='input_3' id='input_2_3' class='textarea medium' tabindex='108' aria-describedby=\"gfield_description_2_3\" maxlength='600' placeholder='Skriv din foresp\u00f8rsel her..' aria-required=\"true\" aria-invalid=\"false\"   rows='10' cols='50'><\/textarea><label class='gfield_label gform-field-label' for='input_2_14'>CAPTCHA<\/label><label class='gfield_label gform-field-label' for='input_2_15'>Phone<\/label>This field is for validation purposes and should be left unchanged.<input name='input_15' id='input_2_15' type='text' value='' autocomplete='new-password'\/>\n         <input type='submit' id='gform_submit_button_2' class='gform_button button' value='Send' tabindex='110' onclick='if(window[\"gf_submitting_2\"]){return false;}  if( !jQuery(\"#gform_2\")[0].checkValidity || jQuery(\"#gform_2\")[0].checkValidity()){window[\"gf_submitting_2\"]=true;}  ' onkeypress='if( event.keyCode == 13 ){ if(window[\"gf_submitting_2\"]){return false;} if( !jQuery(\"#gform_2\")[0].checkValidity || jQuery(\"#gform_2\")[0].checkValidity()){window[\"gf_submitting_2\"]=true;}  jQuery(\"#gform_2\").trigger(\"submit\",[true]); }' \/> <input type='hidden' name='gform_ajax' value='form_id=2&amp;title=&amp;description=&amp;tabindex=100&amp;theme=data-form-theme=&#039;gravity-theme&#039;' \/>\n            <input type='hidden' class='gform_hidden' name='is_submit_2' value='1' \/>\n            <input type='hidden' class='gform_hidden' name='gform_submit' value='2' \/>\n            <input type='hidden' class='gform_hidden' name='gform_unique_id' value='' \/>\n            <input type='hidden' class='gform_hidden' name='state_2' value='WyJbXSIsIjY1MWU3YmM1MTc0OWI2ZmQ4MmQ2OGQ0NjFiZjBjMGMzIl0=' \/>\n            <input type='hidden' class='gform_hidden' name='gform_target_page_number_2' id='gform_target_page_number_2' value='0' \/>\n            <input type='hidden' class='gform_hidden' name='gform_source_page_number_2' id='gform_source_page_number_2' value='1' \/>\n            <input type='hidden' name='gform_field_values' value='' \/>\n                        <\/form>\n\t\t                <iframe style='display:none;width:0px;height:0px;' src='about:blank' name='gform_ajax_frame_2' id='gform_ajax_frame_2' title='This iframe contains the logic required to handle Ajax powered Gravity Forms.'><\/iframe>\n\n","protected":false},"excerpt":{"rendered":"<p>Logistics beyond borders Alf Andersen AS has provided forwarding services domestic and abroad for over 150 years. Our services include sea-, air- and truck freight in Norway, as well as the rest of the world. Explore Contact us A well-established freight forwarding company International transport Alf Andersen AS helps you with all things related to&hellip;<\/p>\n","protected":false},"author":1,"featured_media":626,"parent":0,"menu_order":0,"comment_status":"closed","ping_status":"closed","template":"","meta":{"_acf_changed":false,"footnotes":""},"class_list":["post-652","page","type-page","status-publish","has-post-thumbnail","hentry"],"acf":[],"_links":{"self":[{"href":"https:\/\/alfandersen.no\/en\/wp-json\/wp\/v2\/pages\/652","targetHints":{"allow":["GET"]}}],"collection":[{"href":"https:\/\/alfandersen.no\/en\/wp-json\/wp\/v2\/pages"}],"about":[{"href":"https:\/\/alfandersen.no\/en\/wp-json\/wp\/v2\/types\/page"}],"author":[{"embeddable":true,"href":"https:\/\/alfandersen.no\/en\/wp-json\/wp\/v2\/users\/1"}],"replies":[{"embeddable":true,"href":"https:\/\/alfandersen.no\/en\/wp-json\/wp\/v2\/comments?post=652"}],"version-history":[{"count":0,"href":"https:\/\/alfandersen.no\/en\/wp-json\/wp\/v2\/pages\/652\/revisions"}],"wp:featuredmedia":[{"embeddable":true,"href":"https:\/\/alfandersen.no\/en\/wp-json\/wp\/v2\/media\/626"}],"wp:attachment":[{"href":"https:\/\/alfandersen.no\/en\/wp-json\/wp\/v2\/media?parent=652"}],"curies":[{"name":"wp","href":"https:\/\/api.w.org\/{rel}","templated":true}]}}